{"id":591,"date":"2018-11-13T13:28:34","date_gmt":"2018-11-13T13:28:34","guid":{"rendered":"https:\/\/themes.getmotopress.com\/palmeria\/?page_id=42"},"modified":"2024-05-12T09:24:18","modified_gmt":"2024-05-12T09:24:18","slug":"welcome-to-palmeria-hotel","status":"publish","type":"page","link":"https:\/\/www.hotelaziza.com\/fr\/","title":{"rendered":"Bienvenue \u00e0 Aziza Thalasso-Golf"},"content":{"rendered":"<div class=\"wp-block-uagb-container uagb-block-5be6d702 alignfull uagb-is-root-container\"><div class=\"uagb-container-inner-blocks-wrap\">\n<div class=\"wp-block-uagb-container uagb-block-d8e52c67\">\n<a class=\"weatherwidget-io\" href=\"https:\/\/forecast7.com\/fr\/36d4110d62\/hammamet\/\" data-label_1=\"HAMMAMET\" data-label_2=\"WEATHER\" data-icons=\"Climacons\" data-mode=\"Current\" data-theme=\"weather_one\" >HAMMAMET<\/a>\n<script>\n!function(d,s,id){var js,fjs=d.getElementsByTagName(s)[0];if(!d.getElementById(id)){js=d.createElement(s);js.id=id;js.src='https:\/\/weatherwidget.io\/js\/widget.min.js';fjs.parentNode.insertBefore(js,fjs);}}(document,'script','weatherwidget-io-js');\n<\/script>\n<\/div>\n\n\n\n<div class=\"wp-block-columns is-layout-flex wp-container-core-columns-is-layout-9d6595d7 wp-block-columns-is-layout-flex\">\n<div class=\"wp-block-column is-layout-flow wp-block-column-is-layout-flow\">\n<fxwidget-er inverse=\"false\" amount=\"1\" decimals=\"2\" large=\"false\" shadow=\"true\" symbol=\"true\" flag=\"false\" changes=\"true\" grouping=\"true\" border=\"false\" main-curr=\"EUR\" sel-curr=\"TND\" background-color=\"#f0f8ff\"  border-radius=\"0.15\"><\/fxwidget-er><script async src=\"https:\/\/s.fx-w.io\/widgets\/exchange-rates\/latest.js\"><\/script>\n<\/div>\n\n\n\n<div class=\"wp-block-column is-layout-flow wp-block-column-is-layout-flow\">\n<fxwidget-er inverse=\"false\" amount=\"1\" decimals=\"2\" large=\"false\" shadow=\"true\" symbol=\"true\" flag=\"false\" changes=\"true\" grouping=\"true\" border=\"false\" main-curr=\"USD\" sel-curr=\"TND\" background-color=\"#f0f8ff\"  border-radius=\"0.1\"><\/fxwidget-er><script async src=\"https:\/\/s.fx-w.io\/widgets\/exchange-rates\/latest.js\"><\/script>\n<\/div>\n<\/div>\n<\/div><\/div>\n\n\n\n<p><\/p>","protected":false},"excerpt":{"rendered":"<p>L\u2019H\u00f4tel AZIZA Thalasso Golf est id\u00e9al pour un s\u00e9jour de relaxation avec possibilit\u00e9 de Thalasso &amp; Golf,<br \/>\n(Adultes seulement +16)<br \/>\nL\u2019H\u00f4tel AZIZA Thalasso Golf est situ\u00e9 sur une des plus belles plages de la Tunisie, de sable dor\u00e9, c\u2019est un H\u00f4tel de haut standing de cat\u00e9gorie 4 \u00e9toiles, \u00e0 seulement 3 kms du Centre de Hammamet, 40 Kms d\u2019 Enfidha, 65 kms de Tunis et 110 kms de Monastir.<\/p>","protected":false},"author":1,"featured_media":749,"parent":0,"menu_order":0,"comment_status":"closed","ping_status":"closed","template":"template-front-page.php","meta":{"_uag_custom_page_level_css":".widget-title {\n    display: block;\n    text-align: center; \/* Pour centrer le texte horizontalement *\/\n    \/* Ajoutez d'autres styles selon vos besoins *\/\n}\n\n\n\n.front-page-sidebar {\n    background-color: #d7c3b5;\n\n}\n\n\nbody.page-template-template-front-page .site-content .site-main&gt;.hentry{\n\tbackground-color: #d7c3b5; \n}\n\nbody.page-template-template-front-page .site-content .site-main&gt;.hentry .front-page-header-wrapper .entry-header {\n\tmax-width: 800px; !important\n}\n\n\n\n\n\n\n\n","footnotes":""},"class_list":["post-591","page","type-page","status-publish","has-post-thumbnail","hentry"],"uagb_featured_image_src":{"full":["https:\/\/www.hotelaziza.com\/wp-content\/uploads\/2024\/04\/hotel-aziza-vue-mer.jpg",2048,1356,false],"thumbnail":["https:\/\/www.hotelaziza.com\/wp-content\/uploads\/2024\/04\/hotel-aziza-vue-mer-150x150.jpg",150,150,true],"medium":["https:\/\/www.hotelaziza.com\/wp-content\/uploads\/2024\/04\/hotel-aziza-vue-mer-300x199.jpg",300,199,true],"medium_large":["https:\/\/www.hotelaziza.com\/wp-content\/uploads\/2024\/04\/hotel-aziza-vue-mer-768x509.jpg",672,445,true],"large":["https:\/\/www.hotelaziza.com\/wp-content\/uploads\/2024\/04\/hotel-aziza-vue-mer-1024x678.jpg",672,445,true],"1536x1536":["https:\/\/www.hotelaziza.com\/wp-content\/uploads\/2024\/04\/hotel-aziza-vue-mer-1536x1017.jpg",1536,1017,true],"2048x2048":["https:\/\/www.hotelaziza.com\/wp-content\/uploads\/2024\/04\/hotel-aziza-vue-mer.jpg",2048,1356,false],"trp-custom-language-flag":["https:\/\/www.hotelaziza.com\/wp-content\/uploads\/2024\/04\/hotel-aziza-vue-mer.jpg",18,12,false],"post-thumbnail":["https:\/\/www.hotelaziza.com\/wp-content\/uploads\/2024\/04\/hotel-aziza-vue-mer-892x591.jpg",892,591,true],"palmeria-cropped":["https:\/\/www.hotelaziza.com\/wp-content\/uploads\/2024\/04\/hotel-aziza-vue-mer-892x594.jpg",892,594,true],"palmeria-thumbnail-cropped":["https:\/\/www.hotelaziza.com\/wp-content\/uploads\/2024\/04\/hotel-aziza-vue-mer-150x100.jpg",150,100,true],"palmeria-square":["https:\/\/www.hotelaziza.com\/wp-content\/uploads\/2024\/04\/hotel-aziza-vue-mer-892x892.jpg",892,892,true],"palmeria-x-large":["https:\/\/www.hotelaziza.com\/wp-content\/uploads\/2024\/04\/hotel-aziza-vue-mer.jpg",2048,1356,false]},"uagb_author_info":{"display_name":"admin4577","author_link":"https:\/\/www.hotelaziza.com\/fr\/author\/admin4577\/"},"uagb_comment_info":0,"uagb_excerpt":"The AZIZA Thalasso Golf Hotel is ideal for a relaxation stay with the possibility of Thalasso & Golf. (Adults Only +16) The AZIZA Thalasso Golf Hotel is located on one of the most beautiful beaches in Tunisia, with golden sand, it is a high standard 4-star hotel, just 3 km from the Center of Amet,\u2026","_links":{"self":[{"href":"https:\/\/www.hotelaziza.com\/fr\/wp-json\/wp\/v2\/pages\/591","targetHints":{"allow":["GET"]}}],"collection":[{"href":"https:\/\/www.hotelaziza.com\/fr\/wp-json\/wp\/v2\/pages"}],"about":[{"href":"https:\/\/www.hotelaziza.com\/fr\/wp-json\/wp\/v2\/types\/page"}],"author":[{"embeddable":true,"href":"https:\/\/www.hotelaziza.com\/fr\/wp-json\/wp\/v2\/users\/1"}],"replies":[{"embeddable":true,"href":"https:\/\/www.hotelaziza.com\/fr\/wp-json\/wp\/v2\/comments?post=591"}],"version-history":[{"count":30,"href":"https:\/\/www.hotelaziza.com\/fr\/wp-json\/wp\/v2\/pages\/591\/revisions"}],"predecessor-version":[{"id":934,"href":"https:\/\/www.hotelaziza.com\/fr\/wp-json\/wp\/v2\/pages\/591\/revisions\/934"}],"wp:featuredmedia":[{"embeddable":true,"href":"https:\/\/www.hotelaziza.com\/fr\/wp-json\/wp\/v2\/media\/749"}],"wp:attachment":[{"href":"https:\/\/www.hotelaziza.com\/fr\/wp-json\/wp\/v2\/media?parent=591"}],"curies":[{"name":"wp","href":"https:\/\/api.w.org\/{rel}","templated":true}]}}