{"id":583,"date":"2018-11-13T11:12:41","date_gmt":"2018-11-13T11:12:41","guid":{"rendered":"https:\/\/themes.getmotopress.com\/palmeria\/accommodations\/"},"modified":"2024-05-19T09:21:05","modified_gmt":"2024-05-19T09:21:05","slug":"accommodations-2","status":"publish","type":"page","link":"https:\/\/www.hotelaziza.com\/fr\/welcome-to-palmeria-hotel\/accommodations-2\/","title":{"rendered":"Chambres &amp; Suites"},"content":{"rendered":"<p>Nos atouts sont des chambres de premi\u00e8re classe avec des vues \u00e0 couper le souffle, un service excellent et une hospitalit\u00e9 authentique. Nous sommes une maison o\u00f9 vous passerez des moments inoubliables et o\u00f9 vous prendrez les meilleures photos !<\/p>\n\n\n\n<div style=\"height:50px\" aria-hidden=\"true\" class=\"wp-block-spacer\"><\/div>\n\n\n<div class=\"mphb_sc_rooms-wrapper mphb-room-types masonry\">    <div class=\"mphb-rooms-shortcode-wrapper\">\r\n    \r\n<div class=\"mphb-room-type post-104 mphb_room_type type-mphb_room_type status-publish has-post-thumbnail mphb-room-type-adults-2 mphb-room-type-children-0\">\r\n\r\n\t\r\n\t\t<div class=\"room-images-wrapper\">\r\n\t\t\n\n\t<p class=\"post-thumbnail mphb-loop-room-thumbnail\">\n\t<a href=\"https:\/\/www.hotelaziza.com\/fr\/accommodation\/standard-single-room\/\">\n\t<img loading=\"lazy\" decoding=\"async\" width=\"892\" height=\"892\" src=\"https:\/\/www.hotelaziza.com\/wp-content\/uploads\/2018\/11\/MG_0160-892x892.jpg\" class=\"attachment-palmeria-square size-palmeria-square wp-post-image\" alt=\"\" srcset=\"https:\/\/www.hotelaziza.com\/wp-content\/uploads\/2018\/11\/MG_0160-892x892.jpg 892w, https:\/\/www.hotelaziza.com\/wp-content\/uploads\/2018\/11\/MG_0160-150x150.jpg 150w\" sizes=\"auto, (max-width: 892px) 100vw, 892px\" \/>\t<\/a>\n\n\t<\/p>\n\t<\/div>\r\n\t\t<div class=\"room-description-wrapper\">\r\n\t\t\n<h2 class=\"mphb-room-type-title entry-title\">\n\n<a class=\"mphb-room-type-title\" href=\"https:\/\/www.hotelaziza.com\/fr\/accommodation\/standard-single-room\/\">Chambre Standard<\/a>\n\n<\/h2>\n<div class=\"mphb-to-book-btn-wrapper\">\n<form action=\"https:\/\/www.hotelaziza.com\/fr\/accommodation\/standard-single-room\/#booking-form-104\" method=\"get\" data-trp-original-action=\"https:\/\/www.hotelaziza.com\/fr\/accommodation\/standard-single-room\/#booking-form-104\" ><button type=\"submit\" class=\"button mphb-book-button\" >R\u00e9server<\/button><input type=\"hidden\" name=\"trp-form-language\" value=\"fr\"\/><\/form>\n<br\/><\/div>\r\n\t<\/div>\r\n\t\r\n\t\r\n<\/div>\r\n\r\n\r\n<div class=\"mphb-room-type post-87 mphb_room_type type-mphb_room_type status-publish has-post-thumbnail mphb-room-type-adults-2 mphb-room-type-children-0\">\r\n\r\n\t\r\n\t\t<div class=\"room-images-wrapper\">\r\n\t\t\n\n\t<p class=\"post-thumbnail mphb-loop-room-thumbnail\">\n\t<a href=\"https:\/\/www.hotelaziza.com\/fr\/accommodation\/superior-double-room\/\">\n\t<img loading=\"lazy\" decoding=\"async\" width=\"892\" height=\"892\" src=\"https:\/\/www.hotelaziza.com\/wp-content\/uploads\/2018\/11\/ch3-892x892.jpg\" class=\"attachment-palmeria-square size-palmeria-square wp-post-image\" alt=\"\" srcset=\"https:\/\/www.hotelaziza.com\/wp-content\/uploads\/2018\/11\/ch3-892x892.jpg 892w, https:\/\/www.hotelaziza.com\/wp-content\/uploads\/2018\/11\/ch3-150x150.jpg 150w\" sizes=\"auto, (max-width: 892px) 100vw, 892px\" \/>\t<\/a>\n\n\t<\/p>\n\t<\/div>\r\n\t\t<div class=\"room-description-wrapper\">\r\n\t\t\n<h2 class=\"mphb-room-type-title entry-title\">\n\n<a class=\"mphb-room-type-title\" href=\"https:\/\/www.hotelaziza.com\/fr\/accommodation\/superior-double-room\/\">Mini Suite<\/a>\n\n<\/h2>\n<div class=\"mphb-to-book-btn-wrapper\">\n<form action=\"https:\/\/www.hotelaziza.com\/fr\/accommodation\/superior-double-room\/#booking-form-87\" method=\"get\" data-trp-original-action=\"https:\/\/www.hotelaziza.com\/fr\/accommodation\/superior-double-room\/#booking-form-87\" ><button type=\"submit\" class=\"button mphb-book-button\" >R\u00e9server<\/button><input type=\"hidden\" name=\"trp-form-language\" value=\"fr\"\/><\/form>\n<br\/><\/div>\r\n\t<\/div>\r\n\t\r\n\t\r\n<\/div>\r\n\r\n\r\n<div class=\"mphb-room-type post-76 mphb_room_type type-mphb_room_type status-publish has-post-thumbnail mphb-room-type-adults-2 mphb-room-type-children-0\">\r\n\r\n\t\r\n\t\t<div class=\"room-images-wrapper\">\r\n\t\t\n\n\t<p class=\"post-thumbnail mphb-loop-room-thumbnail\">\n\t<a href=\"https:\/\/www.hotelaziza.com\/fr\/accommodation\/comfort-triple-room\/\">\n\t<img loading=\"lazy\" decoding=\"async\" width=\"892\" height=\"892\" src=\"https:\/\/www.hotelaziza.com\/wp-content\/uploads\/2018\/11\/MG_0160-892x892.jpg\" class=\"attachment-palmeria-square size-palmeria-square wp-post-image\" alt=\"\" srcset=\"https:\/\/www.hotelaziza.com\/wp-content\/uploads\/2018\/11\/MG_0160-892x892.jpg 892w, https:\/\/www.hotelaziza.com\/wp-content\/uploads\/2018\/11\/MG_0160-150x150.jpg 150w\" sizes=\"auto, (max-width: 892px) 100vw, 892px\" \/>\t<\/a>\n\n\t<\/p>\n\t<\/div>\r\n\t\t<div class=\"room-description-wrapper\">\r\n\t\t\n<h2 class=\"mphb-room-type-title entry-title\">\n\n<a class=\"mphb-room-type-title\" href=\"https:\/\/www.hotelaziza.com\/fr\/accommodation\/comfort-triple-room\/\">Chambre Standard Vue Mer<\/a>\n\n<\/h2>\n<div class=\"mphb-to-book-btn-wrapper\">\n<form action=\"https:\/\/www.hotelaziza.com\/fr\/accommodation\/comfort-triple-room\/#booking-form-76\" method=\"get\" data-trp-original-action=\"https:\/\/www.hotelaziza.com\/fr\/accommodation\/comfort-triple-room\/#booking-form-76\" ><button type=\"submit\" class=\"button mphb-book-button\" >R\u00e9server<\/button><input type=\"hidden\" name=\"trp-form-language\" value=\"fr\"\/><\/form>\n<br\/><\/div>\r\n\t<\/div>\r\n\t\r\n\t\r\n<\/div>\r\n\r\n\r\n<div class=\"mphb-room-type post-94 mphb_room_type type-mphb_room_type status-publish has-post-thumbnail mphb-room-type-adults-2 mphb-room-type-children-0\">\r\n\r\n\t\r\n\t\t<div class=\"room-images-wrapper\">\r\n\t\t\n\n\t<p class=\"post-thumbnail mphb-loop-room-thumbnail\">\n\t<a href=\"https:\/\/www.hotelaziza.com\/fr\/accommodation\/classic-double-room\/\">\n\t<img loading=\"lazy\" decoding=\"async\" width=\"892\" height=\"892\" src=\"https:\/\/www.hotelaziza.com\/wp-content\/uploads\/2018\/11\/amb1-892x892.jpg\" class=\"attachment-palmeria-square size-palmeria-square wp-post-image\" alt=\"\" srcset=\"https:\/\/www.hotelaziza.com\/wp-content\/uploads\/2018\/11\/amb1-892x892.jpg 892w, https:\/\/www.hotelaziza.com\/wp-content\/uploads\/2018\/11\/amb1-150x150.jpg 150w\" sizes=\"auto, (max-width: 892px) 100vw, 892px\" \/>\t<\/a>\n\n\t<\/p>\n\t<\/div>\r\n\t\t<div class=\"room-description-wrapper\">\r\n\t\t\n<h2 class=\"mphb-room-type-title entry-title\">\n\n<a class=\"mphb-room-type-title\" href=\"https:\/\/www.hotelaziza.com\/fr\/accommodation\/classic-double-room\/\">Suite Ambassadeur<\/a>\n\n<\/h2>\n<div class=\"mphb-to-book-btn-wrapper\">\n<form action=\"https:\/\/www.hotelaziza.com\/fr\/accommodation\/classic-double-room\/#booking-form-94\" method=\"get\" data-trp-original-action=\"https:\/\/www.hotelaziza.com\/fr\/accommodation\/classic-double-room\/#booking-form-94\" ><button type=\"submit\" class=\"button mphb-book-button\" >R\u00e9server<\/button><input type=\"hidden\" name=\"trp-form-language\" value=\"fr\"\/><\/form>\n<br\/><\/div>\r\n\t<\/div>\r\n\t\r\n\t\r\n<\/div>\r\n\r\n    <\/div>\r\n    <\/div>","protected":false},"excerpt":{"rendered":"<p>Nos atouts sont des chambres de premi\u00e8re classe avec des vues \u00e0 couper le souffle, un service excellent et une hospitalit\u00e9 authentique. Nous sommes une maison o\u00f9 vous passerez des moments inoubliables et o\u00f9 vous prendrez les meilleures photos !<\/p>","protected":false},"author":1,"featured_media":636,"parent":591,"menu_order":0,"comment_status":"closed","ping_status":"closed","template":"template-wide-page.php","meta":{"_uag_custom_page_level_css":"","footnotes":""},"class_list":["post-583","page","type-page","status-publish","has-post-thumbnail","hentry"],"uagb_featured_image_src":{"full":["https:\/\/www.hotelaziza.com\/wp-content\/uploads\/2018\/11\/MG_0156-scaled.jpg",1707,2560,false],"thumbnail":["https:\/\/www.hotelaziza.com\/wp-content\/uploads\/2018\/11\/MG_0156-150x150.jpg",150,150,true],"medium":["https:\/\/www.hotelaziza.com\/wp-content\/uploads\/2018\/11\/MG_0156-200x300.jpg",200,300,true],"medium_large":["https:\/\/www.hotelaziza.com\/wp-content\/uploads\/2018\/11\/MG_0156-768x1152.jpg",672,1008,true],"large":["https:\/\/www.hotelaziza.com\/wp-content\/uploads\/2018\/11\/MG_0156-683x1024.jpg",672,1008,true],"1536x1536":["https:\/\/www.hotelaziza.com\/wp-content\/uploads\/2018\/11\/MG_0156-1024x1536.jpg",1024,1536,true],"2048x2048":["https:\/\/www.hotelaziza.com\/wp-content\/uploads\/2018\/11\/MG_0156-1365x2048.jpg",1365,2048,true],"trp-custom-language-flag":["https:\/\/www.hotelaziza.com\/wp-content\/uploads\/2018\/11\/MG_0156-scaled.jpg",8,12,false],"post-thumbnail":["https:\/\/www.hotelaziza.com\/wp-content\/uploads\/2018\/11\/MG_0156-892x1338.jpg",892,1338,true],"palmeria-cropped":["https:\/\/www.hotelaziza.com\/wp-content\/uploads\/2018\/11\/MG_0156-892x594.jpg",892,594,true],"palmeria-thumbnail-cropped":["https:\/\/www.hotelaziza.com\/wp-content\/uploads\/2018\/11\/MG_0156-150x100.jpg",150,100,true],"palmeria-square":["https:\/\/www.hotelaziza.com\/wp-content\/uploads\/2018\/11\/MG_0156-892x892.jpg",892,892,true],"palmeria-x-large":["https:\/\/www.hotelaziza.com\/wp-content\/uploads\/2018\/11\/MG_0156-2560x3840.jpg",2560,3840,true]},"uagb_author_info":{"display_name":"admin4577","author_link":"https:\/\/www.hotelaziza.com\/fr\/author\/admin4577\/"},"uagb_comment_info":0,"uagb_excerpt":"Our assets are first-class rooms with breathtaking views, excellent service and genuine hospitality. We are a home for your unforgettable time and best camera pictures!","_links":{"self":[{"href":"https:\/\/www.hotelaziza.com\/fr\/wp-json\/wp\/v2\/pages\/583","targetHints":{"allow":["GET"]}}],"collection":[{"href":"https:\/\/www.hotelaziza.com\/fr\/wp-json\/wp\/v2\/pages"}],"about":[{"href":"https:\/\/www.hotelaziza.com\/fr\/wp-json\/wp\/v2\/types\/page"}],"author":[{"embeddable":true,"href":"https:\/\/www.hotelaziza.com\/fr\/wp-json\/wp\/v2\/users\/1"}],"replies":[{"embeddable":true,"href":"https:\/\/www.hotelaziza.com\/fr\/wp-json\/wp\/v2\/comments?post=583"}],"version-history":[{"count":17,"href":"https:\/\/www.hotelaziza.com\/fr\/wp-json\/wp\/v2\/pages\/583\/revisions"}],"predecessor-version":[{"id":1258,"href":"https:\/\/www.hotelaziza.com\/fr\/wp-json\/wp\/v2\/pages\/583\/revisions\/1258"}],"up":[{"embeddable":true,"href":"https:\/\/www.hotelaziza.com\/fr\/wp-json\/wp\/v2\/pages\/591"}],"wp:featuredmedia":[{"embeddable":true,"href":"https:\/\/www.hotelaziza.com\/fr\/wp-json\/wp\/v2\/media\/636"}],"wp:attachment":[{"href":"https:\/\/www.hotelaziza.com\/fr\/wp-json\/wp\/v2\/media?parent=583"}],"curies":[{"name":"wp","href":"https:\/\/api.w.org\/{rel}","templated":true}]}}