{"id":1181,"date":"2024-05-16T10:02:40","date_gmt":"2024-05-16T10:02:40","guid":{"rendered":"https:\/\/corbestway.com\/?page_id=1181"},"modified":"2024-05-21T10:18:06","modified_gmt":"2024-05-21T10:18:06","slug":"for-our-golfers","status":"publish","type":"page","link":"https:\/\/www.hotelaziza.com\/fr\/for-our-golfers\/","title":{"rendered":"Pour nos Golfeurs"},"content":{"rendered":"<div class=\"wp-block-uagb-container uagb-block-kwu0hsfg alignfull uagb-is-root-container\"><div class=\"uagb-container-inner-blocks-wrap\">\n<div class=\"wp-block-uagb-container uagb-block-allsq9sv\">\n<div class=\"wp-block-uagb-info-box uagb-block-rp32z4rq uagb-infobox__content-wrap  uagb-infobox-icon-above-title uagb-infobox-image-valign-top wp-block-uagb-info-box--has-margin\"><div class=\"uagb-infobox-margin-wrapper\"><div class=\"uagb-ifb-content\"><div class=\"uagb-ifb-title-wrap\"><h2 class=\"uagb-ifb-title\">Golf Yasmine<\/h2><\/div><p class=\"uagb-ifb-desc\">Un v\u00e9ritable Parcours de championnat con\u00e7u par l\u2019architecte de Golf, Ronald Fream<br><br><\/p><\/div><\/div><\/div>\n\n\n\n<ul class=\"has-small-font-size wp-block-list\">\n<li>Parcours de Golf 18 Trous par 71<\/li>\n\n\n\n<li> Parcours de 9 Trous par 30<\/li>\n\n\n\n<li>Acad\u00e9mie de Golf<\/li>\n\n\n\n<li>Practice<\/li>\n\n\n\n<li>House Club (Restaurant &amp; Bar)<\/li>\n\n\n\n<li> Proshop<\/li>\n<\/ul>\n\n\n\n<div class=\"wp-block-uagb-image alignleft uagb-block-avhksfni wp-block-uagb-image--layout-default wp-block-uagb-image--effect-static wp-block-uagb-image--align-left\"><figure class=\"wp-block-uagb-image__figure\"><img decoding=\"async\" srcset=\"https:\/\/www.hotelaziza.com\/wp-content\/uploads\/2024\/05\/golf3-1024x683.jpg ,https:\/\/www.hotelaziza.com\/wp-content\/uploads\/2024\/05\/golf3.jpg 780w, https:\/\/www.hotelaziza.com\/wp-content\/uploads\/2024\/05\/golf3.jpg 360w\" sizes=\"auto, (max-width: 480px) 150px\" src=\"https:\/\/www.hotelaziza.com\/wp-content\/uploads\/2024\/05\/golf3-1024x683.jpg\" alt=\"\" class=\"uag-image-1195\" width=\"564\" height=\"376\" title=\"golf3\" loading=\"lazy\" role=\"img\"\/><\/figure><\/div>\n\n\n\n<div class=\"wp-block-uagb-info-box uagb-block-ktfz3rec uagb-infobox__content-wrap  uagb-infobox-icon-above-title uagb-infobox-image-valign-top\"><div class=\"uagb-ifb-content\"><div class=\"uagb-ifb-title-wrap\"><h3 class=\"uagb-ifb-title\">H\u00f4tel AZIZA<\/h3><\/div><p class=\"uagb-ifb-desc\">Possibilit\u00e9 de r\u00e9server des Tee times direct via l\u2019H\u00f4tel,avec des prix pr\u00e9f\u00e9rentielle permettera au client de b\u00e9n\u00e9ficier de la navette H\u00f4tel \u2013 Golf- H\u00f4tel gratuitement.<\/p><\/div><\/div>\n<\/div>\n\n\n\n<div class=\"wp-block-uagb-container uagb-block-h7e9mdtk\">\n<div class=\"wp-block-uagb-image alignleft uagb-block-9ujyo7g8 wp-block-uagb-image--layout-default wp-block-uagb-image--effect-static wp-block-uagb-image--align-left\"><figure class=\"wp-block-uagb-image__figure\"><img decoding=\"async\" srcset=\"https:\/\/www.hotelaziza.com\/wp-content\/uploads\/2024\/05\/golf6.jpg ,https:\/\/www.hotelaziza.com\/wp-content\/uploads\/2024\/05\/golf6.jpg 780w, https:\/\/www.hotelaziza.com\/wp-content\/uploads\/2024\/05\/golf6.jpg 360w\" sizes=\"auto, (max-width: 480px) 150px\" src=\"https:\/\/www.hotelaziza.com\/wp-content\/uploads\/2024\/05\/golf6.jpg\" alt=\"\" class=\"uag-image-1190\" width=\"564\" height=\"376\" title=\"golf6\" loading=\"lazy\" role=\"img\"\/><\/figure><\/div>\n\n\n\n<div class=\"wp-block-uagb-info-box uagb-block-yhd6n7pu uagb-infobox__content-wrap  uagb-infobox-icon-above-title uagb-infobox-image-valign-top wp-block-uagb-info-box--has-margin\"><div class=\"uagb-infobox-margin-wrapper\"><div class=\"uagb-ifb-content\"><div class=\"uagb-ifb-title-wrap\"><h3 class=\"uagb-ifb-title\">Golf Citrus<\/h3><\/div><p class=\"uagb-ifb-desc\">173 Hectares, 10 KM de l\u2019H\u00f4tel AZIZA (20 mn)<br><\/p><\/div><\/div><\/div>\n\n\n\n<ul class=\"has-small-font-size wp-block-list\">\n<li>Le 1er Complexe Golfique de 45 trous en Tunisie<\/li>\n\n\n\n<li> Trac\u00e9 des deux parcours Championship con\u00e7us autour de 7 lacs par l\u2019architecte de Golf , Ronald Frea<\/li>\n\n\n\n<li>Deux parcours de 18 trous par 72, Les Oliviers &amp; la For\u00eat<\/li>\n\n\n\n<li>9 Trous Executive<\/li>\n\n\n\n<li> House Club (Restaurant &amp; Bar)<\/li>\n\n\n\n<li>Proshop<\/li>\n\n\n\n<li>Le Golf Citrus offre un Concept Golfique International aux Golfeurs de tous niveaux<\/li>\n\n\n\n<li> Perfectionnement : Le\u00e7ons et Stages, Practice de 350 m\u00e8tres et 120 tapis<\/li>\n<\/ul>\n\n\n\n<div class=\"wp-block-uagb-image alignleft uagb-block-woaznv1k wp-block-uagb-image--layout-default wp-block-uagb-image--effect-static wp-block-uagb-image--align-left\"><figure class=\"wp-block-uagb-image__figure\"><img decoding=\"async\" srcset=\"https:\/\/www.hotelaziza.com\/wp-content\/uploads\/2024\/05\/golf4-1024x642.jpg ,https:\/\/www.hotelaziza.com\/wp-content\/uploads\/2024\/05\/golf4.jpg 780w, https:\/\/www.hotelaziza.com\/wp-content\/uploads\/2024\/05\/golf4.jpg 360w\" sizes=\"auto, (max-width: 480px) 150px\" src=\"https:\/\/www.hotelaziza.com\/wp-content\/uploads\/2024\/05\/golf4-1024x642.jpg\" alt=\"\" class=\"uag-image-1197\" width=\"564\" height=\"376\" title=\"golf4\" loading=\"lazy\" role=\"img\"\/><\/figure><\/div>\n<\/div>\n<\/div><\/div>\n\n\n\n<div class=\"wp-block-uagb-container uagb-block-lalgdzsg alignfull uagb-is-root-container\"><div class=\"uagb-container-inner-blocks-wrap\"><\/div><\/div>\n\n\n\n<div style=\"height:41px\" aria-hidden=\"true\" class=\"wp-block-spacer\"><\/div>\n\n\n\n<div class=\"wp-block-group\"><div class=\"wp-block-group__inner-container is-layout-constrained wp-block-group-is-layout-constrained\">\n<div class=\"wp-block-uagb-container uagb-block-8c57f3da alignfull uagb-is-root-container\"><div class=\"uagb-container-inner-blocks-wrap\">\n<div class=\"wp-block-uagb-container uagb-block-e202dbc0\">\n<div class=\"wp-block-uagb-advanced-heading uagb-block-f1dbdd87\"><h2 class=\"uagb-heading-text\">Contactez-Nous<\/h2><\/div>\n\n\n\n<div class=\"wpcf7 no-js\" id=\"wpcf7-f165-o1\" lang=\"en-US\" dir=\"ltr\">\n<div class=\"screen-reader-response\"><p role=\"status\" aria-live=\"polite\" aria-atomic=\"true\"><\/p> <ul><\/ul><\/div>\n<form action=\"\/fr\/wp-json\/wp\/v2\/pages\/1181#wpcf7-f165-o1\" method=\"post\" class=\"wpcf7-form init\" aria-label=\"Contact form\" novalidate=\"novalidate\" data-status=\"init\" data-trp-original-action=\"\/fr\/wp-json\/wp\/v2\/pages\/1181#wpcf7-f165-o1\">\n<div style=\"display: none;\">\n<input type=\"hidden\" name=\"_wpcf7\" value=\"165\" \/>\n<input type=\"hidden\" name=\"_wpcf7_version\" value=\"5.9.3\" \/>\n<input type=\"hidden\" name=\"_wpcf7_locale\" value=\"en_US\" \/>\n<input type=\"hidden\" name=\"_wpcf7_unit_tag\" value=\"wpcf7-f165-o1\" \/>\n<input type=\"hidden\" name=\"_wpcf7_container_post\" value=\"0\" \/>\n<input type=\"hidden\" name=\"_wpcf7_posted_data_hash\" value=\"\" \/>\n<input type=\"hidden\" name=\"_wpcf7_recaptcha_response\" value=\"\" \/>\n<\/div>\n<p><label> Nom<br \/>\n<span class=\"wpcf7-form-control-wrap\" data-name=\"your-name\"><input size=\"40\" class=\"wpcf7-form-control wpcf7-text wpcf7-validates-as-required\" aria-required=\"true\" aria-invalid=\"false\" value=\"\" type=\"text\" name=\"your-name\" \/><\/span> <\/label>\n<\/p>\n<p><label> Email:<br \/>\n<span class=\"wpcf7-form-control-wrap\" data-name=\"your-email\"><input size=\"40\" class=\"wpcf7-form-control wpcf7-email wpcf7-validates-as-required wpcf7-text wpcf7-validates-as-email\" aria-required=\"true\" aria-invalid=\"false\" value=\"\" type=\"email\" name=\"your-email\" \/><\/span> <\/label>\n<\/p>\n<p><label> Objet<br \/>\n<span class=\"wpcf7-form-control-wrap\" data-name=\"your-subject\"><input size=\"40\" class=\"wpcf7-form-control wpcf7-text\" aria-invalid=\"false\" value=\"\" type=\"text\" name=\"your-subject\" \/><\/span> <\/label>\n<\/p>\n<p><label> Message:<br \/>\n<span class=\"wpcf7-form-control-wrap\" data-name=\"your-message\"><textarea cols=\"40\" rows=\"4\" class=\"wpcf7-form-control wpcf7-textarea\" aria-invalid=\"false\" name=\"your-message\"><\/textarea><\/span> <\/label>\n<\/p>\n<p><input class=\"wpcf7-form-control wpcf7-submit has-spinner\" type=\"submit\" value=\"ENVOYER\" \/>\n<\/p><div class=\"wpcf7-response-output\" aria-hidden=\"true\"><\/div>\n<input type=\"hidden\" name=\"trp-form-language\" value=\"fr\"\/><\/form>\n<\/div>\n\n<\/div>\n\n\n\n<div class=\"wp-block-uagb-container uagb-block-7dc20aba\">\n<div class=\"wp-block-uagb-advanced-heading uagb-block-b06b6708\"><h2 class=\"uagb-heading-text\">Rechercher la disponibilit\u00e9<\/h2><\/div>\n\n\n<div class=\"mphb_sc_booking_form-wrapper is-direct-booking\">\t<form method=\"POST\" action=\"https:\/\/www.hotelaziza.com\/fr\/booking-confirmation-2\/\" class=\"mphb-booking-form mphb-booking-form--direct-booking\" id=\"booking-form-104\" data-first_available_check_in_date=\"2026-04-29\" data-trp-original-action=\"https:\/\/www.hotelaziza.com\/fr\/booking-confirmation-2\/\">\n\n\t\t<p class=\"mphb-required-fields-tip\"><small>Les champs obligatoires sont suivis de <abbr title=\"required\">*<\/abbr><\/small><\/p>\n\t\t<input type=\"hidden\" id=\"mphb-checkout-nonce\" name=\"mphb-checkout-nonce\" value=\"4ce853b578\" \/><input type=\"hidden\" name=\"_wp_http_referer\" value=\"\/fr\/wp-json\/wp\/v2\/pages\/1181\" \/>\t\t\t\t<input type=\"hidden\" name=\"mphb_room_type_id\" value=\"104\" \/>\n\t\t<p class=\"mphb-check-in-date-wrapper\">\n\t\t\t<label for=\"mphb_check_in_date-69e794bff0617\">\n\t\t\t\tDate d&#039;arriv\u00e9e\t\t\t\t<abbr title=\"Format\u00e9 comme dd\/mm\/yyyy\">*<\/abbr>\n\t\t\t<\/label>\n\t\t\t<br \/>\n\t\t\t<input id=\"mphb_check_in_date-69e794bff0617\" type=\"text\" class=\"mphb-datepick\" value=\"\" required=\"required\" autocomplete=\"off\" placeholder=\"Date d&#039;arriv\u00e9e\" inputmode=\"none\" \/>\n\t\t\t<input id=\"mphb_check_in_date-69e794bff0617-hidden\" type=\"hidden\" name=\"mphb_check_in_date\" value=\"\" \/>\n\t\t<\/p>\n\t\t<p class=\"mphb-check-out-date-wrapper\">\n\t\t\t<label for=\"mphb_check_out_date-69e794bff0617\">\n\t\t\t\tDate de d\u00e9part\t\t\t\t<abbr title=\"Format\u00e9 comme dd\/mm\/yyyy\">*<\/abbr>\n\t\t\t<\/label>\n\t\t\t<br \/>\n\t\t\t<input id=\"mphb_check_out_date-69e794bff0617\" type=\"text\" class=\"mphb-datepick\" value=\"\" required=\"required\" autocomplete=\"off\" placeholder=\"Date de d\u00e9part\" inputmode=\"none\" \/>\n\t\t\t<input id=\"mphb_check_out_date-69e794bff0617-hidden\" type=\"hidden\" name=\"mphb_check_out_date\" value=\"\" \/>\n\t\t<\/p>\n\t\t\t\t\t\t\t<div class=\"mphb-reserve-room-section mphb-hide\">\n\t\t\t\t<p class=\"mphb-rooms-quantity-wrapper mphb-rooms-quantity-multiple mphb-hide\">\n\t\t\t\tR\u00e9serve <select class=\"mphb-rooms-quantity\" id=\"mphb-rooms-quantity-104\" name=\"mphb_rooms_details[104]\"><option value=\"1\" selected=\"selected\">1<\/option><\/select> de <span class=\"mphb-available-rooms-count\">1<\/span> de logements disponibles.\t\t\t\t<\/p>\n\t\t\t\t<p class=\"mphb-rooms-quantity-wrapper mphb-rooms-quantity-single mphb-hide\">\n\t\t\t\t\tStandard Room est disponible pour les dates s\u00e9lectionn\u00e9es.\t\t\t\t<\/p>\n\t\t\t\t\t\t\t\t\t<p class=\"mphb-period-price mphb-regular-price mphb-hide\">\n\t\t\t\t\t\t<strong>Prix \u00e0 partir de:<\/strong>\n\t\t\t\t\t<\/p>\n\t\t\t\t\t\t\t\t<input type=\"hidden\" name=\"mphb_is_direct_booking\" value=\"1\" \/>\n\t\t\t\t<input class=\"button mphb-button mphb-confirm-reservation\" type=\"submit\" value=\"Confirmer la r\u00e9servation\" \/>\n\t\t\t<\/div>\n\t\t\n\t\t<div class=\"mphb-errors-wrapper mphb-hide\"><\/div>\n\t\t<p class=\"mphb-reserve-btn-wrapper\">\n\t\t\t<input class=\"mphb-reserve-btn button\" type=\"submit\" value=\"V\u00e9rifier la disponibilit\u00e9\" \/>\n\t\t<\/p>\n\t<input type=\"hidden\" name=\"trp-form-language\" value=\"fr\"\/><\/form>\n\t<\/div>\n<\/div>\n<\/div><\/div>\n<\/div><\/div>\n\n\n\n<div class=\"wp-block-columns has-3-columns is-layout-flex wp-container-core-columns-is-layout-9d6595d7 wp-block-columns-is-layout-flex\">\n<div class=\"wp-block-column is-layout-flow wp-block-column-is-layout-flow\">\n<h5 style=\"text-align: center\">\n\t<i class=\"fas fa-map-marker-alt\"><\/i>\n<\/h5>\n\n\n\n<h4 class=\"wp-block-heading has-text-align-center\">Adresse<\/h4>\n\n\n\n<p class=\"has-text-align-center has-small-font-size\">Rue Assad Ibn Fourat BP 218, Hammamet 8050, Nabeul<\/p>\n<\/div>\n\n\n\n<div class=\"wp-block-column is-layout-flow wp-block-column-is-layout-flow\">\n<h5 style=\"text-align: center\">\n\t<i class=\"fas fa-phone\"><\/i>\n<\/h5>\n\n\n\n<h4 class=\"wp-block-heading has-text-align-center\">Reservation<\/h4>\n\n\n\n<p class=\"has-text-align-center has-small-font-size\">+(216) 72 28 36 66<\/p>\n<\/div>\n\n\n\n<div class=\"wp-block-column is-layout-flow wp-block-column-is-layout-flow\">\n<h5 style=\"text-align: center\">\n\t<i class=\"fas fa-envelope\"><\/i>\n<\/h5>\n\n\n\n<h4 class=\"wp-block-heading has-text-align-center\">Contact<\/h4>\n\n\n\n<p class=\"has-text-align-center has-small-font-size\"><a href=\"mailto:contacts@palmeria.com\">booking@hotelaziza.com<\/a><br><br><\/p>\n<\/div>\n<\/div>\n\n\n\n<div style=\"height:41px\" aria-hidden=\"true\" class=\"wp-block-spacer\"><\/div>\n\n\n\n<iframe src=\"https:\/\/www.google.com\/maps\/embed?pb=!1m18!1m12!1m3!1d6422.479327458095!2d10.642989423193349!3d36.403396395399376!2m3!1f0!2f0!3f0!3m2!1i1024!2i768!4f13.1!3m3!1m2!1s0x13029f2e2596f61b%3A0x45c84d11d805b431!2sH%C3%B4tel%20Aziza.%20Thalasso%20Golf!5e0!3m2!1sfr!2stn!4v1657027138340!5m2!1sfr!2stn\" width=\"100%\" style=\"border:0;\" allowfullscreen=\"\" loading=\"lazy\" referrerpolicy=\"no-referrer-when-downgrade\"><\/iframe>\n\n\n\n<div style=\"height:41px\" aria-hidden=\"true\" class=\"wp-block-spacer\"><\/div>\n\n\n\n<div class=\"wp-block-columns has-small-font-size is-layout-flex wp-container-core-columns-is-layout-9d6595d7 wp-block-columns-is-layout-flex\">\n<div class=\"wp-block-column is-layout-flow wp-block-column-is-layout-flow\">\n<div class=\"wp-block-uagb-image uagb-block-cb2ff725 wp-block-uagb-image--layout-default wp-block-uagb-image--effect-static wp-block-uagb-image--align-none\"><figure class=\"wp-block-uagb-image__figure\"><a class=\"\" href=\"https:\/\/www.hotelaziza.com\/wp-content\/uploads\/2024\/05\/TravellersChoice2022.jpg\" target=\"\" rel=\"noopener\"><img decoding=\"async\" srcset=\"https:\/\/www.hotelaziza.com\/wp-content\/uploads\/2024\/05\/Tripadvisor1-2.png ,https:\/\/www.hotelaziza.com\/wp-content\/uploads\/2024\/05\/Tripadvisor1-2.png 780w, https:\/\/www.hotelaziza.com\/wp-content\/uploads\/2024\/05\/Tripadvisor1-2.png 360w\" sizes=\"auto, (max-width: 480px) 150px\" src=\"https:\/\/www.hotelaziza.com\/wp-content\/uploads\/2024\/05\/Tripadvisor1-2.png\" alt=\"\" class=\"uag-image-959\" width=\"366\" height=\"366\" title=\"Tripadvisor1-2\" loading=\"lazy\" role=\"img\"\/><\/a><\/figure><\/div>\n<\/div>\n\n\n\n<div class=\"wp-block-column is-layout-flow wp-block-column-is-layout-flow\">\n<div class=\"wp-block-uagb-image aligncenter uagb-block-1e401448 wp-block-uagb-image--layout-default wp-block-uagb-image--effect-static wp-block-uagb-image--align-center\"><figure class=\"wp-block-uagb-image__figure\"><a class=\"\" href=\"https:\/\/www.hotelaziza.com\/wp-content\/uploads\/2024\/05\/english-certificate_page-0001-1.jpg\" target=\"\" rel=\"noopener\"><img decoding=\"async\" srcset=\"https:\/\/www.hotelaziza.com\/wp-content\/uploads\/2024\/05\/image_2024-05-12_124123861-removebg-preview.png ,https:\/\/www.hotelaziza.com\/wp-content\/uploads\/2024\/05\/image_2024-05-12_124123861-removebg-preview.png 780w, https:\/\/www.hotelaziza.com\/wp-content\/uploads\/2024\/05\/image_2024-05-12_124123861-removebg-preview.png 360w\" sizes=\"auto, (max-width: 480px) 150px\" src=\"https:\/\/www.hotelaziza.com\/wp-content\/uploads\/2024\/05\/image_2024-05-12_124123861-removebg-preview.png\" alt=\"\" class=\"uag-image-1000\" width=\"285\" height=\"286\" title=\"image_2024-05-12_124123861-removebg-preview\" loading=\"lazy\" role=\"img\"\/><\/a><\/figure><\/div>\n<\/div>\n\n\n\n<div class=\"wp-block-column is-layout-flow wp-block-column-is-layout-flow\">\n<div class=\"wp-block-uagb-image uagb-block-f8d96bdf wp-block-uagb-image--layout-default wp-block-uagb-image--effect-static wp-block-uagb-image--align-none\"><figure class=\"wp-block-uagb-image__figure\"><img decoding=\"async\" srcset=\"https:\/\/www.hotelaziza.com\/wp-content\/uploads\/2024\/05\/travelife-1.png ,https:\/\/www.hotelaziza.com\/wp-content\/uploads\/2024\/05\/travelife-1.png 780w, https:\/\/www.hotelaziza.com\/wp-content\/uploads\/2024\/05\/travelife-1.png 360w\" sizes=\"auto, (max-width: 480px) 150px\" src=\"https:\/\/www.hotelaziza.com\/wp-content\/uploads\/2024\/05\/travelife-1.png\" alt=\"\" class=\"uag-image-961\" width=\"566\" height=\"366\" title=\"travelife-1\" loading=\"lazy\" role=\"img\"\/><\/figure><\/div>\n<\/div>\n\n\n\n<div class=\"wp-block-column is-layout-flow wp-block-column-is-layout-flow\">\n<div class=\"wp-block-uagb-image uagb-block-78b8ad3c wp-block-uagb-image--layout-default wp-block-uagb-image--effect-static wp-block-uagb-image--align-none\"><figure class=\"wp-block-uagb-image__figure\"><img decoding=\"async\" srcset=\"https:\/\/www.hotelaziza.com\/wp-content\/uploads\/2024\/05\/Tripadvisor.png ,https:\/\/www.hotelaziza.com\/wp-content\/uploads\/2024\/05\/Tripadvisor.png 780w, https:\/\/www.hotelaziza.com\/wp-content\/uploads\/2024\/05\/Tripadvisor.png 360w\" sizes=\"auto, (max-width: 480px) 150px\" src=\"https:\/\/www.hotelaziza.com\/wp-content\/uploads\/2024\/05\/Tripadvisor.png\" alt=\"\" class=\"uag-image-971\" width=\"366\" height=\"366\" title=\"Tripadvisor\" loading=\"lazy\" role=\"img\"\/><\/figure><\/div>\n<\/div>\n\n\n\n<div class=\"wp-block-column is-layout-flow wp-block-column-is-layout-flow\">\n<div class=\"wp-block-uagb-image uagb-block-6ed0054f wp-block-uagb-image--layout-default wp-block-uagb-image--effect-static wp-block-uagb-image--align-none\"><figure class=\"wp-block-uagb-image__figure\"><a class=\"\" href=\"https:\/\/www.hotelaziza.com\/wp-content\/uploads\/2024\/05\/seccheck-scaled.jpeg\" target=\"\" rel=\"noopener\"><img decoding=\"async\" srcset=\"https:\/\/www.hotelaziza.com\/wp-content\/uploads\/2024\/05\/seccheck.png ,https:\/\/www.hotelaziza.com\/wp-content\/uploads\/2024\/05\/seccheck.png 780w, https:\/\/www.hotelaziza.com\/wp-content\/uploads\/2024\/05\/seccheck.png 360w\" sizes=\"auto, (max-width: 480px) 150px\" src=\"https:\/\/www.hotelaziza.com\/wp-content\/uploads\/2024\/05\/seccheck.png\" alt=\"\" class=\"uag-image-973\" width=\"566\" height=\"366\" title=\"seccheck\" loading=\"lazy\" role=\"img\"\/><\/a><\/figure><\/div>\n<\/div>\n<\/div>","protected":false},"excerpt":{"rendered":"<p>Get in Touch Search Availability Location Rue Assad Ibn Fourat BP 218, Hammamet 8050, Nabeul Reservation +(216) 72 28 36 66 Contact booking@hotelaziza.com<\/p>","protected":false},"author":1,"featured_media":1192,"parent":0,"menu_order":0,"comment_status":"closed","ping_status":"closed","template":"","meta":{"_uag_custom_page_level_css":"","footnotes":""},"class_list":["post-1181","page","type-page","status-publish","has-post-thumbnail","hentry"],"uagb_featured_image_src":{"full":["https:\/\/www.hotelaziza.com\/wp-content\/uploads\/2024\/05\/golf2-1.jpg",1200,758,false],"thumbnail":["https:\/\/www.hotelaziza.com\/wp-content\/uploads\/2024\/05\/golf2-1-150x150.jpg",150,150,true],"medium":["https:\/\/www.hotelaziza.com\/wp-content\/uploads\/2024\/05\/golf2-1-300x190.jpg",300,190,true],"medium_large":["https:\/\/www.hotelaziza.com\/wp-content\/uploads\/2024\/05\/golf2-1-768x485.jpg",672,424,true],"large":["https:\/\/www.hotelaziza.com\/wp-content\/uploads\/2024\/05\/golf2-1-1024x647.jpg",672,425,true],"1536x1536":["https:\/\/www.hotelaziza.com\/wp-content\/uploads\/2024\/05\/golf2-1.jpg",1200,758,false],"2048x2048":["https:\/\/www.hotelaziza.com\/wp-content\/uploads\/2024\/05\/golf2-1.jpg",1200,758,false],"trp-custom-language-flag":["https:\/\/www.hotelaziza.com\/wp-content\/uploads\/2024\/05\/golf2-1-18x12.jpg",18,12,true],"post-thumbnail":["https:\/\/www.hotelaziza.com\/wp-content\/uploads\/2024\/05\/golf2-1-892x563.jpg",892,563,true],"palmeria-cropped":["https:\/\/www.hotelaziza.com\/wp-content\/uploads\/2024\/05\/golf2-1-892x594.jpg",892,594,true],"palmeria-thumbnail-cropped":["https:\/\/www.hotelaziza.com\/wp-content\/uploads\/2024\/05\/golf2-1-150x100.jpg",150,100,true],"palmeria-square":["https:\/\/www.hotelaziza.com\/wp-content\/uploads\/2024\/05\/golf2-1-892x758.jpg",892,758,true],"palmeria-x-large":["https:\/\/www.hotelaziza.com\/wp-content\/uploads\/2024\/05\/golf2-1.jpg",1200,758,false]},"uagb_author_info":{"display_name":"admin4577","author_link":"https:\/\/www.hotelaziza.com\/fr\/author\/admin4577\/"},"uagb_comment_info":0,"uagb_excerpt":"Get in Touch Search Availability Location Rue Assad Ibn Fourat BP 218, Hammamet 8050, Nabeul Reservation +(216) 72 28 36 66 Contact booking@hotelaziza.com","_links":{"self":[{"href":"https:\/\/www.hotelaziza.com\/fr\/wp-json\/wp\/v2\/pages\/1181","targetHints":{"allow":["GET"]}}],"collection":[{"href":"https:\/\/www.hotelaziza.com\/fr\/wp-json\/wp\/v2\/pages"}],"about":[{"href":"https:\/\/www.hotelaziza.com\/fr\/wp-json\/wp\/v2\/types\/page"}],"author":[{"embeddable":true,"href":"https:\/\/www.hotelaziza.com\/fr\/wp-json\/wp\/v2\/users\/1"}],"replies":[{"embeddable":true,"href":"https:\/\/www.hotelaziza.com\/fr\/wp-json\/wp\/v2\/comments?post=1181"}],"version-history":[{"count":11,"href":"https:\/\/www.hotelaziza.com\/fr\/wp-json\/wp\/v2\/pages\/1181\/revisions"}],"predecessor-version":[{"id":1288,"href":"https:\/\/www.hotelaziza.com\/fr\/wp-json\/wp\/v2\/pages\/1181\/revisions\/1288"}],"wp:featuredmedia":[{"embeddable":true,"href":"https:\/\/www.hotelaziza.com\/fr\/wp-json\/wp\/v2\/media\/1192"}],"wp:attachment":[{"href":"https:\/\/www.hotelaziza.com\/fr\/wp-json\/wp\/v2\/media?parent=1181"}],"curies":[{"name":"wp","href":"https:\/\/api.w.org\/{rel}","templated":true}]}}