{"id":1104,"date":"2024-05-14T16:33:05","date_gmt":"2024-05-14T16:33:05","guid":{"rendered":"https:\/\/corbestway.com\/?page_id=1104"},"modified":"2025-11-10T10:44:47","modified_gmt":"2025-11-10T10:44:47","slug":"the-bio-spa-thalasso-center","status":"publish","type":"page","link":"https:\/\/www.hotelaziza.com\/fr\/the-bio-spa-thalasso-center\/","title":{"rendered":"Le centre Thalasso BIO-SPA"},"content":{"rendered":"<div class=\"wp-block-uagb-info-box uagb-block-n9wvutp5 uagb-infobox__content-wrap  uagb-infobox-icon-above-title uagb-infobox-image-valign-top\"><div class=\"uagb-ifb-content\"><div class=\"uagb-ifb-title-wrap\"><\/div><p class=\"uagb-ifb-desc\">D\u00e9couvrez le centre de thalasso BIO-SPA, un sanctuaire de bien-\u00eatre proposant des cures anti-stress et sp\u00e9cifiques au dos. Plongez dans l'Ayurveda avec nos forfaits d\u00e9di\u00e9s et laissez-vous tenter par des soins de beaut\u00e9 exclusifs. Offrez-vous une exp\u00e9rience holistique pour revitaliser votre corps et votre esprit.<\/p><\/div><\/div>\n\n\n\n<div class=\"wp-block-uagb-container uagb-block-ezbypasy alignfull uagb-is-root-container\"><div class=\"uagb-container-inner-blocks-wrap\">\n<div class=\"wp-block-uagb-container uagb-block-ja3dresz\">\n<div class=\"wp-block-uagb-container uagb-block-snrogume\">\n<div class=\"wp-block-uagb-info-box uagb-block-9tlldf6p uagb-infobox__content-wrap  uagb-infobox-icon-above-title uagb-infobox-image-valign-top\"><div class=\"uagb-ifb-content\"><div class=\"uagb-ifb-title-wrap\"><p class=\"uagb-ifb-title\"> Cure de remise en forme (4 soins par jour)<\/p><\/div><p class=\"uagb-ifb-desc\">4 jours : 780 DT<br>6 jours : 1070 DT<\/p><\/div><\/div>\n\n\n\n<div class=\"wp-block-uagb-icon-list uagb-block-81844994\"><div class=\"uagb-icon-list__wrap\">\n<div class=\"wp-block-uagb-icon-list-child uagb-block-d3466e4a\"><span class=\"uagb-icon-list__source-wrap\"><svg xmlns=\"https:\/\/www.w3.org\/2000\/svg\" viewbox=\"0 0 448 512\"><path d=\"M438.6 105.4C451.1 117.9 451.1 138.1 438.6 150.6L182.6 406.6C170.1 419.1 149.9 419.1 137.4 406.6L9.372 278.6C-3.124 266.1-3.124 245.9 9.372 233.4C21.87 220.9 42.13 220.9 54.63 233.4L159.1 338.7L393.4 105.4C405.9 92.88 426.1 92.88 438.6 105.4H438.6z\"><\/path><\/svg><\/span><span class=\"uagb-icon-list__label\">2 Soins d'hydroth\u00e9rapie<\/span><\/div>\n\n\n\n<div class=\"wp-block-uagb-icon-list-child uagb-block-2710b83f\"><span class=\"uagb-icon-list__source-wrap\"><svg xmlns=\"https:\/\/www.w3.org\/2000\/svg\" viewbox=\"0 0 448 512\"><path d=\"M438.6 105.4C451.1 117.9 451.1 138.1 438.6 150.6L182.6 406.6C170.1 419.1 149.9 419.1 137.4 406.6L9.372 278.6C-3.124 266.1-3.124 245.9 9.372 233.4C21.87 220.9 42.13 220.9 54.63 233.4L159.1 338.7L393.4 105.4C405.9 92.88 426.1 92.88 438.6 105.4H438.6z\"><\/path><\/svg><\/span><span class=\"uagb-icon-list__label\">1 Enveloppement d'algue<\/span><\/div>\n\n\n\n<div class=\"wp-block-uagb-icon-list-child uagb-block-a521e182\"><span class=\"uagb-icon-list__source-wrap\"><svg xmlns=\"https:\/\/www.w3.org\/2000\/svg\" viewbox=\"0 0 448 512\"><path d=\"M438.6 105.4C451.1 117.9 451.1 138.1 438.6 150.6L182.6 406.6C170.1 419.1 149.9 419.1 137.4 406.6L9.372 278.6C-3.124 266.1-3.124 245.9 9.372 233.4C21.87 220.9 42.13 220.9 54.63 233.4L159.1 338.7L393.4 105.4C405.9 92.88 426.1 92.88 438.6 105.4H438.6z\"><\/path><\/svg><\/span><span class=\"uagb-icon-list__label\">1 Massage relaxant  ( 30 min) \/ jour<\/span><\/div>\n<\/div><\/div>\n<\/div>\n<\/div>\n<\/div><\/div>\n\n\n\n<div class=\"wp-block-uagb-info-box uagb-block-d6c462a1 uagb-infobox__content-wrap  uagb-infobox-icon-above-title uagb-infobox-image-valign-top\"><div class=\"uagb-ifb-content\"><div class=\"uagb-ifb-title-wrap\"><\/div><p class=\"uagb-ifb-desc\">D'autres Soins et Cures  sont disponibles \u00e0 la R\u00e9ception du Centre de Thalasso \"Bio Spa\"<br>Pour toute demande de renseignements, veuillez  nous contacter  :<br>T\u00e9l : 216 72 283 666<br>Email : booking@hotelaziza.com<\/p><\/div><\/div>\n\n\n\n<div class=\"wp-block-uagb-container uagb-block-d446bawz alignfull uagb-is-root-container\"><\/div>\n\n\n\n<div class=\"wp-block-uagb-container uagb-block-5283623b alignfull uagb-is-root-container\"><div class=\"uagb-container-inner-blocks-wrap\"><\/div><\/div>\n\n\n\n<div style=\"height:41px\" aria-hidden=\"true\" class=\"wp-block-spacer\"><\/div>\n\n\n\n<hr class=\"wp-block-separator has-alpha-channel-opacity\"\/>\n\n\n\n<div class=\"wp-block-group\"><div class=\"wp-block-group__inner-container is-layout-constrained wp-block-group-is-layout-constrained\">\n<div class=\"wp-block-uagb-container uagb-block-8c57f3da alignfull uagb-is-root-container\"><div class=\"uagb-container-inner-blocks-wrap\">\n<div class=\"wp-block-uagb-container uagb-block-e202dbc0\">\n<div class=\"wp-block-uagb-advanced-heading uagb-block-f1dbdd87\"><h2 class=\"uagb-heading-text\">Contactez-Nous<\/h2><\/div>\n\n\n\n<div class=\"wpcf7 no-js\" id=\"wpcf7-f165-o1\" lang=\"en-US\" dir=\"ltr\">\n<div class=\"screen-reader-response\"><p role=\"status\" aria-live=\"polite\" aria-atomic=\"true\"><\/p> <ul><\/ul><\/div>\n<form action=\"\/fr\/wp-json\/wp\/v2\/pages\/1104#wpcf7-f165-o1\" method=\"post\" class=\"wpcf7-form init\" aria-label=\"Contact form\" novalidate=\"novalidate\" data-status=\"init\" data-trp-original-action=\"\/fr\/wp-json\/wp\/v2\/pages\/1104#wpcf7-f165-o1\">\n<div style=\"display: none;\">\n<input type=\"hidden\" name=\"_wpcf7\" value=\"165\" \/>\n<input type=\"hidden\" name=\"_wpcf7_version\" value=\"5.9.3\" \/>\n<input type=\"hidden\" name=\"_wpcf7_locale\" value=\"en_US\" \/>\n<input type=\"hidden\" name=\"_wpcf7_unit_tag\" value=\"wpcf7-f165-o1\" \/>\n<input type=\"hidden\" name=\"_wpcf7_container_post\" value=\"0\" \/>\n<input type=\"hidden\" name=\"_wpcf7_posted_data_hash\" value=\"\" \/>\n<input type=\"hidden\" name=\"_wpcf7_recaptcha_response\" value=\"\" \/>\n<\/div>\n<p><label> Nom<br \/>\n<span class=\"wpcf7-form-control-wrap\" data-name=\"your-name\"><input size=\"40\" class=\"wpcf7-form-control wpcf7-text wpcf7-validates-as-required\" aria-required=\"true\" aria-invalid=\"false\" value=\"\" type=\"text\" name=\"your-name\" \/><\/span> <\/label>\n<\/p>\n<p><label> Email:<br \/>\n<span class=\"wpcf7-form-control-wrap\" data-name=\"your-email\"><input size=\"40\" class=\"wpcf7-form-control wpcf7-email wpcf7-validates-as-required wpcf7-text wpcf7-validates-as-email\" aria-required=\"true\" aria-invalid=\"false\" value=\"\" type=\"email\" name=\"your-email\" \/><\/span> <\/label>\n<\/p>\n<p><label> Objet<br \/>\n<span class=\"wpcf7-form-control-wrap\" data-name=\"your-subject\"><input size=\"40\" class=\"wpcf7-form-control wpcf7-text\" aria-invalid=\"false\" value=\"\" type=\"text\" name=\"your-subject\" \/><\/span> <\/label>\n<\/p>\n<p><label> Message:<br \/>\n<span class=\"wpcf7-form-control-wrap\" data-name=\"your-message\"><textarea cols=\"40\" rows=\"4\" class=\"wpcf7-form-control wpcf7-textarea\" aria-invalid=\"false\" name=\"your-message\"><\/textarea><\/span> <\/label>\n<\/p>\n<p><input class=\"wpcf7-form-control wpcf7-submit has-spinner\" type=\"submit\" value=\"ENVOYER\" \/>\n<\/p><div class=\"wpcf7-response-output\" aria-hidden=\"true\"><\/div>\n<input type=\"hidden\" name=\"trp-form-language\" value=\"fr\"\/><\/form>\n<\/div>\n\n<\/div>\n\n\n\n<div class=\"wp-block-uagb-container uagb-block-7dc20aba\">\n<div class=\"wp-block-uagb-advanced-heading uagb-block-b06b6708\"><h2 class=\"uagb-heading-text\">Rechercher la disponibilit\u00e9<\/h2><\/div>\n\n\n<div class=\"mphb_sc_booking_form-wrapper is-direct-booking\">\t<form method=\"POST\" action=\"https:\/\/www.hotelaziza.com\/fr\/booking-confirmation-2\/\" class=\"mphb-booking-form mphb-booking-form--direct-booking\" id=\"booking-form-104\" data-first_available_check_in_date=\"2026-05-03\" data-trp-original-action=\"https:\/\/www.hotelaziza.com\/fr\/booking-confirmation-2\/\">\n\n\t\t<p class=\"mphb-required-fields-tip\"><small>Les champs obligatoires sont suivis de <abbr title=\"required\">*<\/abbr><\/small><\/p>\n\t\t<input type=\"hidden\" id=\"mphb-checkout-nonce\" name=\"mphb-checkout-nonce\" value=\"6072e93081\" \/><input type=\"hidden\" name=\"_wp_http_referer\" value=\"\/fr\/wp-json\/wp\/v2\/pages\/1104\" \/>\t\t\t\t<input type=\"hidden\" name=\"mphb_room_type_id\" value=\"104\" \/>\n\t\t<p class=\"mphb-check-in-date-wrapper\">\n\t\t\t<label for=\"mphb_check_in_date-69f4963e51b5f\">\n\t\t\t\tDate d&#039;arriv\u00e9e\t\t\t\t<abbr title=\"Format\u00e9 comme dd\/mm\/yyyy\">*<\/abbr>\n\t\t\t<\/label>\n\t\t\t<br \/>\n\t\t\t<input id=\"mphb_check_in_date-69f4963e51b5f\" type=\"text\" class=\"mphb-datepick\" value=\"\" required=\"required\" autocomplete=\"off\" placeholder=\"Date d&#039;arriv\u00e9e\" inputmode=\"none\" \/>\n\t\t\t<input id=\"mphb_check_in_date-69f4963e51b5f-hidden\" type=\"hidden\" name=\"mphb_check_in_date\" value=\"\" \/>\n\t\t<\/p>\n\t\t<p class=\"mphb-check-out-date-wrapper\">\n\t\t\t<label for=\"mphb_check_out_date-69f4963e51b5f\">\n\t\t\t\tDate de d\u00e9part\t\t\t\t<abbr title=\"Format\u00e9 comme dd\/mm\/yyyy\">*<\/abbr>\n\t\t\t<\/label>\n\t\t\t<br \/>\n\t\t\t<input id=\"mphb_check_out_date-69f4963e51b5f\" type=\"text\" class=\"mphb-datepick\" value=\"\" required=\"required\" autocomplete=\"off\" placeholder=\"Date de d\u00e9part\" inputmode=\"none\" \/>\n\t\t\t<input id=\"mphb_check_out_date-69f4963e51b5f-hidden\" type=\"hidden\" name=\"mphb_check_out_date\" value=\"\" \/>\n\t\t<\/p>\n\t\t\t\t\t\t\t<div class=\"mphb-reserve-room-section mphb-hide\">\n\t\t\t\t<p class=\"mphb-rooms-quantity-wrapper mphb-rooms-quantity-multiple mphb-hide\">\n\t\t\t\tR\u00e9serve <select class=\"mphb-rooms-quantity\" id=\"mphb-rooms-quantity-104\" name=\"mphb_rooms_details[104]\"><option value=\"1\" selected=\"selected\">1<\/option><\/select> de <span class=\"mphb-available-rooms-count\">1<\/span> de logements disponibles.\t\t\t\t<\/p>\n\t\t\t\t<p class=\"mphb-rooms-quantity-wrapper mphb-rooms-quantity-single mphb-hide\">\n\t\t\t\t\tStandard Room est disponible pour les dates s\u00e9lectionn\u00e9es.\t\t\t\t<\/p>\n\t\t\t\t\t\t\t\t\t<p class=\"mphb-period-price mphb-regular-price mphb-hide\">\n\t\t\t\t\t\t<strong>Prix \u00e0 partir de:<\/strong>\n\t\t\t\t\t<\/p>\n\t\t\t\t\t\t\t\t<input type=\"hidden\" name=\"mphb_is_direct_booking\" value=\"1\" \/>\n\t\t\t\t<input class=\"button mphb-button mphb-confirm-reservation\" type=\"submit\" value=\"Confirmer la r\u00e9servation\" \/>\n\t\t\t<\/div>\n\t\t\n\t\t<div class=\"mphb-errors-wrapper mphb-hide\"><\/div>\n\t\t<p class=\"mphb-reserve-btn-wrapper\">\n\t\t\t<input class=\"mphb-reserve-btn button\" type=\"submit\" value=\"V\u00e9rifier la disponibilit\u00e9\" \/>\n\t\t<\/p>\n\t<input type=\"hidden\" name=\"trp-form-language\" value=\"fr\"\/><\/form>\n\t<\/div>\n<\/div>\n<\/div><\/div>\n<\/div><\/div>\n\n\n\n<div class=\"wp-block-columns has-3-columns is-layout-flex wp-container-core-columns-is-layout-9d6595d7 wp-block-columns-is-layout-flex\">\n<div class=\"wp-block-column is-layout-flow wp-block-column-is-layout-flow\">\n<h5 style=\"text-align: center\">\n\t<i class=\"fas fa-map-marker-alt\"><\/i>\n<\/h5>\n\n\n\n<h4 class=\"wp-block-heading has-text-align-center\">Adresse<\/h4>\n\n\n\n<p class=\"has-text-align-center has-small-font-size\">Rue Assad Ibn Fourat BP 218, Hammamet 8050, Nabeul<\/p>\n<\/div>\n\n\n\n<div class=\"wp-block-column is-layout-flow wp-block-column-is-layout-flow\">\n<h5 style=\"text-align: center\">\n\t<i class=\"fas fa-phone\"><\/i>\n<\/h5>\n\n\n\n<h4 class=\"wp-block-heading has-text-align-center\">Reservation<\/h4>\n\n\n\n<p class=\"has-text-align-center has-small-font-size\">+(216) 72 28 36 66<\/p>\n<\/div>\n\n\n\n<div class=\"wp-block-column is-layout-flow wp-block-column-is-layout-flow\">\n<h5 style=\"text-align: center\">\n\t<i class=\"fas fa-envelope\"><\/i>\n<\/h5>\n\n\n\n<h4 class=\"wp-block-heading has-text-align-center\">Contact<\/h4>\n\n\n\n<p class=\"has-text-align-center has-small-font-size\"><a href=\"mailto:contacts@palmeria.com\">booking@hotelaziza.com<\/a><br><br><\/p>\n<\/div>\n<\/div>\n\n\n\n<div style=\"height:41px\" aria-hidden=\"true\" class=\"wp-block-spacer\"><\/div>\n\n\n\n<iframe src=\"https:\/\/www.google.com\/maps\/embed?pb=!1m18!1m12!1m3!1d6422.479327458095!2d10.642989423193349!3d36.403396395399376!2m3!1f0!2f0!3f0!3m2!1i1024!2i768!4f13.1!3m3!1m2!1s0x13029f2e2596f61b%3A0x45c84d11d805b431!2sH%C3%B4tel%20Aziza.%20Thalasso%20Golf!5e0!3m2!1sfr!2stn!4v1657027138340!5m2!1sfr!2stn\" width=\"100%\" style=\"border:0;\" allowfullscreen=\"\" loading=\"lazy\" referrerpolicy=\"no-referrer-when-downgrade\"><\/iframe>\n\n\n\n<div style=\"height:41px\" aria-hidden=\"true\" class=\"wp-block-spacer\"><\/div>\n\n\n\n<div class=\"wp-block-columns has-small-font-size is-layout-flex wp-container-core-columns-is-layout-9d6595d7 wp-block-columns-is-layout-flex\">\n<div class=\"wp-block-column is-layout-flow wp-block-column-is-layout-flow\">\n<div class=\"wp-block-uagb-image uagb-block-cb2ff725 wp-block-uagb-image--layout-default wp-block-uagb-image--effect-static wp-block-uagb-image--align-none\"><figure class=\"wp-block-uagb-image__figure\"><a class=\"\" href=\"https:\/\/www.hotelaziza.com\/wp-content\/uploads\/2024\/05\/TravellersChoice2022.jpg\" target=\"\" rel=\"noopener\"><img decoding=\"async\" srcset=\"https:\/\/www.hotelaziza.com\/wp-content\/uploads\/2024\/05\/Tripadvisor1-2.png ,https:\/\/www.hotelaziza.com\/wp-content\/uploads\/2024\/05\/Tripadvisor1-2.png 780w, https:\/\/www.hotelaziza.com\/wp-content\/uploads\/2024\/05\/Tripadvisor1-2.png 360w\" sizes=\"auto, (max-width: 480px) 150px\" src=\"https:\/\/www.hotelaziza.com\/wp-content\/uploads\/2024\/05\/Tripadvisor1-2.png\" alt=\"\" class=\"uag-image-959\" width=\"366\" height=\"366\" title=\"Tripadvisor1-2\" loading=\"lazy\" role=\"img\"\/><\/a><\/figure><\/div>\n<\/div>\n\n\n\n<div class=\"wp-block-column is-layout-flow wp-block-column-is-layout-flow\">\n<div class=\"wp-block-uagb-image aligncenter uagb-block-1e401448 wp-block-uagb-image--layout-default wp-block-uagb-image--effect-static wp-block-uagb-image--align-center\"><figure class=\"wp-block-uagb-image__figure\"><a class=\"\" href=\"https:\/\/www.hotelaziza.com\/wp-content\/uploads\/2024\/05\/english-certificate_page-0001-1.jpg\" target=\"\" rel=\"noopener\"><img decoding=\"async\" srcset=\"https:\/\/www.hotelaziza.com\/wp-content\/uploads\/2024\/05\/image_2024-05-12_124123861-removebg-preview.png ,https:\/\/www.hotelaziza.com\/wp-content\/uploads\/2024\/05\/image_2024-05-12_124123861-removebg-preview.png 780w, https:\/\/www.hotelaziza.com\/wp-content\/uploads\/2024\/05\/image_2024-05-12_124123861-removebg-preview.png 360w\" sizes=\"auto, (max-width: 480px) 150px\" src=\"https:\/\/www.hotelaziza.com\/wp-content\/uploads\/2024\/05\/image_2024-05-12_124123861-removebg-preview.png\" alt=\"\" class=\"uag-image-1000\" width=\"285\" height=\"286\" title=\"image_2024-05-12_124123861-removebg-preview\" loading=\"lazy\" role=\"img\"\/><\/a><\/figure><\/div>\n<\/div>\n\n\n\n<div class=\"wp-block-column is-layout-flow wp-block-column-is-layout-flow\">\n<div class=\"wp-block-uagb-image uagb-block-f8d96bdf wp-block-uagb-image--layout-default wp-block-uagb-image--effect-static wp-block-uagb-image--align-none\"><figure class=\"wp-block-uagb-image__figure\"><img decoding=\"async\" srcset=\"https:\/\/www.hotelaziza.com\/wp-content\/uploads\/2024\/05\/travelife-1.png ,https:\/\/www.hotelaziza.com\/wp-content\/uploads\/2024\/05\/travelife-1.png 780w, https:\/\/www.hotelaziza.com\/wp-content\/uploads\/2024\/05\/travelife-1.png 360w\" sizes=\"auto, (max-width: 480px) 150px\" src=\"https:\/\/www.hotelaziza.com\/wp-content\/uploads\/2024\/05\/travelife-1.png\" alt=\"\" class=\"uag-image-961\" width=\"566\" height=\"366\" title=\"travelife-1\" loading=\"lazy\" role=\"img\"\/><\/figure><\/div>\n<\/div>\n\n\n\n<div class=\"wp-block-column is-layout-flow wp-block-column-is-layout-flow\">\n<div class=\"wp-block-uagb-image uagb-block-78b8ad3c wp-block-uagb-image--layout-default wp-block-uagb-image--effect-static wp-block-uagb-image--align-none\"><figure class=\"wp-block-uagb-image__figure\"><img decoding=\"async\" srcset=\"https:\/\/www.hotelaziza.com\/wp-content\/uploads\/2024\/05\/Tripadvisor.png ,https:\/\/www.hotelaziza.com\/wp-content\/uploads\/2024\/05\/Tripadvisor.png 780w, https:\/\/www.hotelaziza.com\/wp-content\/uploads\/2024\/05\/Tripadvisor.png 360w\" sizes=\"auto, (max-width: 480px) 150px\" src=\"https:\/\/www.hotelaziza.com\/wp-content\/uploads\/2024\/05\/Tripadvisor.png\" alt=\"\" class=\"uag-image-971\" width=\"366\" height=\"366\" title=\"Tripadvisor\" loading=\"lazy\" role=\"img\"\/><\/figure><\/div>\n<\/div>\n\n\n\n<div class=\"wp-block-column is-layout-flow wp-block-column-is-layout-flow\">\n<div class=\"wp-block-uagb-image uagb-block-6ed0054f wp-block-uagb-image--layout-default wp-block-uagb-image--effect-static wp-block-uagb-image--align-none\"><figure class=\"wp-block-uagb-image__figure\"><a class=\"\" href=\"https:\/\/www.hotelaziza.com\/wp-content\/uploads\/2024\/05\/seccheck-scaled.jpeg\" target=\"\" rel=\"noopener\"><img decoding=\"async\" srcset=\"https:\/\/www.hotelaziza.com\/wp-content\/uploads\/2024\/05\/seccheck.png ,https:\/\/www.hotelaziza.com\/wp-content\/uploads\/2024\/05\/seccheck.png 780w, https:\/\/www.hotelaziza.com\/wp-content\/uploads\/2024\/05\/seccheck.png 360w\" sizes=\"auto, (max-width: 480px) 150px\" src=\"https:\/\/www.hotelaziza.com\/wp-content\/uploads\/2024\/05\/seccheck.png\" alt=\"\" class=\"uag-image-973\" width=\"566\" height=\"366\" title=\"seccheck\" loading=\"lazy\" role=\"img\"\/><\/a><\/figure><\/div>\n<\/div>\n<\/div>","protected":false},"excerpt":{"rendered":"<p>Get in Touch Search Availability Location Rue Assad Ibn Fourat BP 218, Hammamet 8050, Nabeul Reservation +(216) 72 28 36 66 Contact booking@hotelaziza.com<\/p>","protected":false},"author":1,"featured_media":834,"parent":0,"menu_order":0,"comment_status":"closed","ping_status":"closed","template":"","meta":{"_uag_custom_page_level_css":"","footnotes":""},"class_list":["post-1104","page","type-page","status-publish","has-post-thumbnail","hentry"],"uagb_featured_image_src":{"full":["https:\/\/www.hotelaziza.com\/wp-content\/uploads\/2024\/05\/spa-scaled.jpg",2560,1696,false],"thumbnail":["https:\/\/www.hotelaziza.com\/wp-content\/uploads\/2024\/05\/spa-150x150.jpg",150,150,true],"medium":["https:\/\/www.hotelaziza.com\/wp-content\/uploads\/2024\/05\/spa-300x199.jpg",300,199,true],"medium_large":["https:\/\/www.hotelaziza.com\/wp-content\/uploads\/2024\/05\/spa-768x509.jpg",672,445,true],"large":["https:\/\/www.hotelaziza.com\/wp-content\/uploads\/2024\/05\/spa-1024x678.jpg",672,445,true],"1536x1536":["https:\/\/www.hotelaziza.com\/wp-content\/uploads\/2024\/05\/spa-1536x1017.jpg",1536,1017,true],"2048x2048":["https:\/\/www.hotelaziza.com\/wp-content\/uploads\/2024\/05\/spa-2048x1356.jpg",2048,1356,true],"trp-custom-language-flag":["https:\/\/www.hotelaziza.com\/wp-content\/uploads\/2024\/05\/spa-18x12.jpg",18,12,true],"post-thumbnail":["https:\/\/www.hotelaziza.com\/wp-content\/uploads\/2024\/05\/spa-892x591.jpg",892,591,true],"palmeria-cropped":["https:\/\/www.hotelaziza.com\/wp-content\/uploads\/2024\/05\/spa-892x594.jpg",892,594,true],"palmeria-thumbnail-cropped":["https:\/\/www.hotelaziza.com\/wp-content\/uploads\/2024\/05\/spa-150x100.jpg",150,100,true],"palmeria-square":["https:\/\/www.hotelaziza.com\/wp-content\/uploads\/2024\/05\/spa-892x892.jpg",892,892,true],"palmeria-x-large":["https:\/\/www.hotelaziza.com\/wp-content\/uploads\/2024\/05\/spa-2560x1696.jpg",2560,1696,true]},"uagb_author_info":{"display_name":"admin4577","author_link":"https:\/\/www.hotelaziza.com\/fr\/author\/admin4577\/"},"uagb_comment_info":0,"uagb_excerpt":"Get in Touch Search Availability Location Rue Assad Ibn Fourat BP 218, Hammamet 8050, Nabeul Reservation +(216) 72 28 36 66 Contact booking@hotelaziza.com","_links":{"self":[{"href":"https:\/\/www.hotelaziza.com\/fr\/wp-json\/wp\/v2\/pages\/1104","targetHints":{"allow":["GET"]}}],"collection":[{"href":"https:\/\/www.hotelaziza.com\/fr\/wp-json\/wp\/v2\/pages"}],"about":[{"href":"https:\/\/www.hotelaziza.com\/fr\/wp-json\/wp\/v2\/types\/page"}],"author":[{"embeddable":true,"href":"https:\/\/www.hotelaziza.com\/fr\/wp-json\/wp\/v2\/users\/1"}],"replies":[{"embeddable":true,"href":"https:\/\/www.hotelaziza.com\/fr\/wp-json\/wp\/v2\/comments?post=1104"}],"version-history":[{"count":49,"href":"https:\/\/www.hotelaziza.com\/fr\/wp-json\/wp\/v2\/pages\/1104\/revisions"}],"predecessor-version":[{"id":1891,"href":"https:\/\/www.hotelaziza.com\/fr\/wp-json\/wp\/v2\/pages\/1104\/revisions\/1891"}],"wp:featuredmedia":[{"embeddable":true,"href":"https:\/\/www.hotelaziza.com\/fr\/wp-json\/wp\/v2\/media\/834"}],"wp:attachment":[{"href":"https:\/\/www.hotelaziza.com\/fr\/wp-json\/wp\/v2\/media?parent=1104"}],"curies":[{"name":"wp","href":"https:\/\/api.w.org\/{rel}","templated":true}]}}